{"id":9493,"date":"2025-10-02T09:25:54","date_gmt":"2025-10-02T09:25:54","guid":{"rendered":"https:\/\/www.yazicilawoffice.com\/de\/?page_id=9493"},"modified":"2025-11-14T09:14:25","modified_gmt":"2025-11-14T09:14:25","slug":"uber-uns","status":"publish","type":"page","link":"https:\/\/www.yazicilawoffice.com\/de\/uber-uns\/","title":{"rendered":"\u00dcber uns"},"content":{"rendered":"<section class=\"l-section wpb_row height_custom\" id=\"about\"><div class=\"l-section-h i-cf\"><div class=\"g-cols vc_row via_grid cols_1-2 laptops-cols_inherit tablets-cols_1 mobiles-cols_1 valign_top type_default stacking_default\" style=\"--columns-gap:8vh;\"><div class=\"wpb_column vc_column_container us_custom_4deacfb5 has_bg_color\"><div class=\"vc_column-inner\"><\/div><\/div><div class=\"wpb_column vc_column_container\"><div class=\"vc_column-inner\"><div class=\"wpb_text_column us_custom_e578bf6c has_text_color\"><div class=\"wpb_wrapper\"><p><strong>Lernen Sie uns kennen<\/strong><\/p>\n<\/div><\/div><div class=\"w-separator size_custom\" style=\"height:10px\"><\/div><h2 class=\"w-text us_custom_6b37c33f has_text_color\"><span class=\"w-text-h\"><span class=\"w-text-value\">Yaz\u0131c\u0131 Law Office<\/span><\/span><\/h2><div class=\"wpb_text_column\"><div class=\"wpb_wrapper\"><p>Yaz\u0131c\u0131 Law Office hat es sich zur Aufgabe gemacht, ihren privaten und institutionellen Mandanten mit diszipliniertem Projektmanagement, transparenter Kommunikation und l\u00f6sungsorientierten Ans\u00e4tzen juristische Dienstleistungen auf h\u00f6chstem Niveau anzubieten.<\/p>\n<p>Alle Verfahren in der T\u00fcrkei werden effektiv \u00fcber das UYAP-System verfolgt; gesetzliche \u00c4nderungen sowie die digitale Transformation werden kontinuierlich beobachtet, sodass moderne und verl\u00e4ssliche L\u00f6sungen entsprechend den Anforderungen der Zeit bereitgestellt werden.<\/p>\n<p>Unser dynamisches und vision\u00e4res Team beschr\u00e4nkt sich nicht nur darauf, F\u00e4lle zu l\u00f6sen, sondern begleitet seine Mandanten in jeder Situation, um nachhaltige Werte zu schaffen.<\/p>\n<\/div><\/div><div class=\"w-separator size_medium\"><\/div><div class=\"g-cols wpb_row via_grid cols_2 laptops-cols_inherit tablets-cols_inherit mobiles-cols_1 valign_top type_default stacking_default\" style=\"--columns-gap:3.2rem;--laptops-columns-gap:3.2rem;--tablets-columns-gap:3.2rem;--mobiles-columns-gap:2rem;\"><div class=\"wpb_column vc_column_container\"><div class=\"vc_column-inner\"><div class=\"wpb_text_column us_custom_4481559d\"><div class=\"wpb_wrapper\"><h4><span style=\"color: #082249;\">Unsere Mission<\/span><\/h4>\n<p class=\"p1\">Die Rechte unserer Mandanten auf die bestm\u00f6gliche und effektivste Weise zu verteidigen, ihre Bed\u00fcrfnisse nicht nur rechtlich, sondern auch strategisch, ethisch und langfristig zu betrachten und vertrauensbasierte, nachhaltige Beziehungen aufzubauen.<\/p>\n<\/div><\/div><\/div><\/div><div class=\"wpb_column vc_column_container\"><div class=\"vc_column-inner\"><div class=\"wpb_text_column us_custom_4481559d\"><div class=\"wpb_wrapper\"><h4><span style=\"color: #082249;\">Unsere Vision<\/span><\/h4>\n<p class=\"p1\">Unser Ziel ist es, nicht nur F\u00e4lle zu bearbeiten, sondern zugleich ein innovativer und starker juristischer Partner zu sein, der seinen Mandanten echten Mehrwert bietet und sie bei der Anpassung an eine sich st\u00e4ndig ver\u00e4ndernde Welt unterst\u00fctzt.<\/p>\n<\/div><\/div><\/div><\/div><\/div><\/div><\/div><\/div><\/div><\/section><section class=\"l-section wpb_row height_custom\" id=\"about\"><div class=\"l-section-h i-cf\"><div class=\"g-cols vc_row via_grid cols_2-1 laptops-cols_inherit tablets-cols_1 mobiles-cols_1 valign_top type_default reversed stacking_default\" style=\"--columns-gap:8vh;\"><div class=\"wpb_column vc_column_container\"><div class=\"vc_column-inner\"><h2 class=\"w-text us_custom_6b37c33f has_text_color\"><span class=\"w-text-h\"><span class=\"w-text-value\">Internationale Dienstleistungen<\/span><\/span><\/h2><div class=\"wpb_text_column\"><div class=\"wpb_wrapper\"><p class=\"p1\">Yaz\u0131c\u0131 Law Office bietet seine Dienstleistungen nicht nur in der T\u00fcrkei, sondern auch in Europa an. Durch unsere Kooperation in K\u00f6ln (Deutschland) gew\u00e4hrleisten wir eine zuverl\u00e4ssige Vertretung f\u00fcr unsere Mandanten in Europa bei ihren rechtlichen Angelegenheiten in der T\u00fcrkei.<\/p>\n<\/div><\/div><div class=\"w-separator size_medium\"><\/div><div class=\"w-iconbox us_custom_71d3e3d1 iconpos_left style_default color_primary align_left no_text\"><div class=\"w-iconbox-icon\" style=\"font-size:2rem;\"><i class=\"fal fa-chevron-circle-right\"><\/i><\/div><div class=\"w-iconbox-meta\"><h6 class=\"w-iconbox-title\">Anerkennung und Vollstreckung ausl\u00e4ndischer Gerichtsentscheidungen<\/h6><\/div><\/div><div class=\"w-separator size_small\"><\/div><div class=\"w-iconbox iconpos_left style_default color_primary align_left no_text\"><div class=\"w-iconbox-icon\" style=\"font-size:2rem;\"><i class=\"fal fa-chevron-circle-right\"><\/i><\/div><div class=\"w-iconbox-meta\"><h6 class=\"w-iconbox-title\">Internationale Handelsvertr\u00e4ge und Unternehmensberatung<\/h6><\/div><\/div><div class=\"w-separator size_small\"><\/div><div class=\"w-iconbox iconpos_left style_default color_primary align_left no_text\"><div class=\"w-iconbox-icon\" style=\"font-size:2rem;\"><i class=\"fal fa-chevron-circle-right\"><\/i><\/div><div class=\"w-iconbox-meta\"><h6 class=\"w-iconbox-title\">Immobilienerwerb f\u00fcr Ausl\u00e4nder in der T\u00fcrkei<\/h6><\/div><\/div><div class=\"w-separator size_small\"><\/div><div class=\"w-iconbox iconpos_left style_default color_primary align_left no_text\"><div class=\"w-iconbox-icon\" style=\"font-size:2rem;\"><i class=\"fal fa-chevron-circle-right\"><\/i><\/div><div class=\"w-iconbox-meta\"><h6 class=\"w-iconbox-title\">Gerichts- und Vollstreckungsverfahren in der T\u00fcrkei f\u00fcr Mandanten aus Europa<\/h6><\/div><\/div><\/div><\/div><div class=\"wpb_column vc_column_container us_custom_585b6c28 has_bg_color\"><div class=\"vc_column-inner\"><\/div><\/div><\/div><\/div><\/section><section class=\"l-section wpb_row height_small\"><div class=\"l-section-h i-cf\"><div class=\"g-cols vc_row via_grid cols_1 laptops-cols_inherit tablets-cols_inherit mobiles-cols_1 valign_middle type_default stacking_default\" style=\"--columns-gap:0rem;\"><div class=\"wpb_column vc_column_container us_custom_dc8167f8 has_bg_color\"><div class=\"vc_column-overlay\" style=\"background:rgba(8,34,73,0.7)\"><\/div><div class=\"vc_column-inner\"><div class=\"w-vwrapper align_center valign_middle\"><div class=\"wpb_text_column us_custom_d2317474 background_inside_text\"><div class=\"wpb_wrapper\"><p>Ihr Vertrauensw\u00fcrdiger Rechtspartner<\/p>\n<\/div><\/div><\/div><\/div><\/div><div class=\"wpb_column vc_column_container\"><div class=\"vc_column-inner\"><div class=\"g-cols wpb_row us_custom_c2f20314 via_grid cols_4 laptops-cols_inherit tablets-cols_inherit mobiles-cols_1 valign_top type_default stacking_default\" style=\"--columns-gap:3rem;\"><div class=\"wpb_column vc_column_container\"><div class=\"vc_column-inner\"><div class=\"w-iconbox iconpos_top style_circle color_custom align_center no_text no_title\"><div class=\"w-iconbox-icon\" style=\"font-size:2rem;--icon-color:#ffffff;--icon-bg-color:var(--color-custom-6);\"><i class=\"fas fa-wreath\"><\/i><\/div><div class=\"w-iconbox-meta\"><\/div><\/div><div class=\"w-separator size_custom\" style=\"height:10px\"><\/div><div class=\"wpb_text_column us_custom_e2ff7627 has_text_color\"><div class=\"wpb_wrapper\"><h5 class=\"p1\" style=\"text-align: center;\"><b>10+ Jahre Juristische Erfahrung<\/b><\/h5>\n<\/div><\/div><div class=\"w-separator size_custom\" style=\"height:10px\"><\/div><div class=\"wpb_text_column us_custom_01e7438c has_text_color\"><div class=\"wpb_wrapper\"><p>Mit Hunderten von F\u00e4llen und Beratungen in verschiedenen Rechtsgebieten bieten wir unseren Mandanten verl\u00e4ssliche und wirksame L\u00f6sungen.<\/p>\n<\/div><\/div><\/div><\/div><div class=\"wpb_column vc_column_container\"><div class=\"vc_column-inner\"><div class=\"w-iconbox iconpos_top style_circle color_custom align_center no_text no_title\"><div class=\"w-iconbox-icon\" style=\"font-size:2rem;--icon-color:#ffffff;--icon-bg-color:var(--color-custom-6);\"><i class=\"fas fa-chart-network\"><\/i><\/div><div class=\"w-iconbox-meta\"><\/div><\/div><div class=\"w-separator size_custom\" style=\"height:10px\"><\/div><div class=\"wpb_text_column us_custom_ef7ce23f\"><div class=\"wpb_wrapper\"><h5 class=\"p1\" style=\"text-align: center;\"><b>Internationale Dienstleistungen<\/b><\/h5>\n<\/div><\/div><div class=\"w-separator size_custom\" style=\"height:10px\"><\/div><div class=\"wpb_text_column us_custom_7b849f11\"><div class=\"wpb_wrapper\"><p>Wir bieten nicht nur in der T\u00fcrkei, sondern auch Mandanten in Europa direkte und effiziente juristische Unterst\u00fctzung an.<\/p>\n<\/div><\/div><\/div><\/div><div class=\"wpb_column vc_column_container\"><div class=\"vc_column-inner\"><div class=\"w-iconbox iconpos_top style_circle color_custom align_center no_text no_title\"><div class=\"w-iconbox-icon\" style=\"font-size:2rem;--icon-color:#ffffff;--icon-bg-color:var(--color-custom-6);\"><i class=\"fas fa-file-signature\"><\/i><\/div><div class=\"w-iconbox-meta\"><\/div><\/div><div class=\"w-separator size_custom\" style=\"height:10px\"><\/div><div class=\"wpb_text_column us_custom_ef7ce23f\"><div class=\"wpb_wrapper\"><h5 class=\"p1\" style=\"text-align: center;\"><b>Transparenz &amp; Nachverfolgung<\/b><\/h5>\n<\/div><\/div><div class=\"w-separator size_custom\" style=\"height:10px\"><\/div><div class=\"wpb_text_column us_custom_7b849f11\"><div class=\"wpb_wrapper\"><p>Alle Verfahrensschritte werden transparent gef\u00fchrt; unsere Mandanten k\u00f6nnen ihre Akten jederzeit live verfolgen.<\/p>\n<\/div><\/div><\/div><\/div><div class=\"wpb_column vc_column_container\"><div class=\"vc_column-inner\"><div class=\"w-iconbox iconpos_top style_circle color_custom align_center no_text no_title\"><div class=\"w-iconbox-icon\" style=\"font-size:2rem;--icon-color:#ffffff;--icon-bg-color:var(--color-custom-6);\"><i class=\"fas fa-user-shield\"><\/i><\/div><div class=\"w-iconbox-meta\"><\/div><\/div><div class=\"w-separator size_custom\" style=\"height:10px\"><\/div><div class=\"wpb_text_column us_custom_ef7ce23f\"><div class=\"wpb_wrapper\"><h5 class=\"p1\" style=\"text-align: center;\"><b>Vertrauen &amp; Erfolg<\/b><\/h5>\n<\/div><\/div><div class=\"w-separator size_custom\" style=\"height:10px\"><\/div><div class=\"wpb_text_column us_custom_7b849f11\"><div class=\"wpb_wrapper\"><p>Wir bauen langfristige, vertrauensvolle Beziehungen zu jedem Mandanten auf und entwickeln nachhaltige L\u00f6sungen.<\/p>\n<\/div><\/div><\/div><\/div><\/div><div class=\"w-separator size_large\"><\/div><\/div><\/div><\/div><\/div><\/section>\n","protected":false},"excerpt":{"rendered":"Lernen Sie uns kennen Yaz\u0131c\u0131 Law OfficeYaz\u0131c\u0131 Law Office hat es sich zur Aufgabe gemacht, ihren privaten und institutionellen Mandanten mit diszipliniertem Projektmanagement, transparenter Kommunikation und l\u00f6sungsorientierten Ans\u00e4tzen juristische Dienstleistungen auf h\u00f6chstem Niveau anzubieten. Alle Verfahren in der T\u00fcrkei werden effektiv \u00fcber das UYAP-System verfolgt; gesetzliche \u00c4nderungen sowie die digitale Transformation werden kontinuierlich beobachtet, sodass...","protected":false},"author":1,"featured_media":0,"parent":0,"menu_order":0,"comment_status":"closed","ping_status":"closed","template":"","meta":{"_acf_changed":false,"footnotes":""},"class_list":["post-9493","page","type-page","status-publish","hentry"],"acf":[],"yoast_head":"<!-- This site is optimized with the Yoast SEO plugin v27.3 - https:\/\/yoast.com\/product\/yoast-seo-wordpress\/ -->\n<title>\u00dcber uns | Yaz\u0131c\u0131 Law Office<\/title>\n<meta name=\"robots\" content=\"index, follow, max-snippet:-1, max-image-preview:large, max-video-preview:-1\" \/>\n<link rel=\"canonical\" href=\"https:\/\/www.yazicilawoffice.com\/de\/uber-uns\/\" \/>\n<meta property=\"og:locale\" content=\"de_DE\" \/>\n<meta property=\"og:type\" content=\"article\" \/>\n<meta property=\"og:title\" content=\"\u00dcber uns | Yaz\u0131c\u0131 Law Office\" \/>\n<meta property=\"og:url\" content=\"https:\/\/www.yazicilawoffice.com\/de\/uber-uns\/\" \/>\n<meta property=\"og:site_name\" content=\"Yaz\u0131c\u0131 Law Office\" \/>\n<meta property=\"article:modified_time\" content=\"2025-11-14T09:14:25+00:00\" \/>\n<meta property=\"og:image\" content=\"https:\/\/www.yazicilawoffice.com\/de\/wp-content\/uploads\/2025\/11\/YaziciLawOffice-1200-675.webp\" \/>\n\t<meta property=\"og:image:width\" content=\"1200\" \/>\n\t<meta property=\"og:image:height\" content=\"675\" \/>\n\t<meta property=\"og:image:type\" content=\"image\/webp\" \/>\n<meta name=\"twitter:card\" content=\"summary_large_image\" \/>\n<meta name=\"twitter:label1\" content=\"Gesch\u00e4tzte Lesezeit\" \/>\n\t<meta name=\"twitter:data1\" content=\"3\u00a0Minuten\" \/>\n<script type=\"application\/ld+json\" class=\"yoast-schema-graph\">{\"@context\":\"https:\\\/\\\/schema.org\",\"@graph\":[{\"@type\":\"WebPage\",\"@id\":\"https:\\\/\\\/www.yazicilawoffice.com\\\/de\\\/uber-uns\\\/\",\"url\":\"https:\\\/\\\/www.yazicilawoffice.com\\\/de\\\/uber-uns\\\/\",\"name\":\"\u00dcber uns | Yaz\u0131c\u0131 Law Office\",\"isPartOf\":{\"@id\":\"https:\\\/\\\/www.yazicilawoffice.com\\\/de\\\/#website\"},\"datePublished\":\"2025-10-02T09:25:54+00:00\",\"dateModified\":\"2025-11-14T09:14:25+00:00\",\"breadcrumb\":{\"@id\":\"https:\\\/\\\/www.yazicilawoffice.com\\\/de\\\/uber-uns\\\/#breadcrumb\"},\"inLanguage\":\"de\",\"potentialAction\":[{\"@type\":\"ReadAction\",\"target\":[\"https:\\\/\\\/www.yazicilawoffice.com\\\/de\\\/uber-uns\\\/\"]}]},{\"@type\":\"BreadcrumbList\",\"@id\":\"https:\\\/\\\/www.yazicilawoffice.com\\\/de\\\/uber-uns\\\/#breadcrumb\",\"itemListElement\":[{\"@type\":\"ListItem\",\"position\":1,\"name\":\"Anasayfa\",\"item\":\"https:\\\/\\\/www.yazicilawoffice.com\\\/de\\\/\"},{\"@type\":\"ListItem\",\"position\":2,\"name\":\"\u00dcber uns\"}]},{\"@type\":\"WebSite\",\"@id\":\"https:\\\/\\\/www.yazicilawoffice.com\\\/de\\\/#website\",\"url\":\"https:\\\/\\\/www.yazicilawoffice.com\\\/de\\\/\",\"name\":\"Yaz\u0131c\u0131 Law Office\",\"description\":\"Internationales Recht und Rechtsberatung\",\"publisher\":{\"@id\":\"https:\\\/\\\/www.yazicilawoffice.com\\\/de\\\/#organization\"},\"potentialAction\":[{\"@type\":\"SearchAction\",\"target\":{\"@type\":\"EntryPoint\",\"urlTemplate\":\"https:\\\/\\\/www.yazicilawoffice.com\\\/de\\\/?s={search_term_string}\"},\"query-input\":{\"@type\":\"PropertyValueSpecification\",\"valueRequired\":true,\"valueName\":\"search_term_string\"}}],\"inLanguage\":\"de\"},{\"@type\":\"Organization\",\"@id\":\"https:\\\/\\\/www.yazicilawoffice.com\\\/de\\\/#organization\",\"name\":\"Yaz\u0131c\u0131 Law Office\",\"url\":\"https:\\\/\\\/www.yazicilawoffice.com\\\/de\\\/\",\"logo\":{\"@type\":\"ImageObject\",\"inLanguage\":\"de\",\"@id\":\"https:\\\/\\\/www.yazicilawoffice.com\\\/de\\\/#\\\/schema\\\/logo\\\/image\\\/\",\"url\":\"https:\\\/\\\/www.yazicilawoffice.com\\\/wp-content\\\/uploads\\\/2025\\\/11\\\/YaziciLawOffice-Kare.webp\",\"contentUrl\":\"https:\\\/\\\/www.yazicilawoffice.com\\\/wp-content\\\/uploads\\\/2025\\\/11\\\/YaziciLawOffice-Kare.webp\",\"width\":1200,\"height\":1200,\"caption\":\"Yaz\u0131c\u0131 Law Office\"},\"image\":{\"@id\":\"https:\\\/\\\/www.yazicilawoffice.com\\\/de\\\/#\\\/schema\\\/logo\\\/image\\\/\"}}]}<\/script>\n<!-- \/ Yoast SEO plugin. -->","yoast_head_json":{"title":"\u00dcber uns | Yaz\u0131c\u0131 Law Office","robots":{"index":"index","follow":"follow","max-snippet":"max-snippet:-1","max-image-preview":"max-image-preview:large","max-video-preview":"max-video-preview:-1"},"canonical":"https:\/\/www.yazicilawoffice.com\/de\/uber-uns\/","og_locale":"de_DE","og_type":"article","og_title":"\u00dcber uns | Yaz\u0131c\u0131 Law Office","og_url":"https:\/\/www.yazicilawoffice.com\/de\/uber-uns\/","og_site_name":"Yaz\u0131c\u0131 Law Office","article_modified_time":"2025-11-14T09:14:25+00:00","og_image":[{"width":1200,"height":675,"url":"https:\/\/www.yazicilawoffice.com\/de\/wp-content\/uploads\/2025\/11\/YaziciLawOffice-1200-675.webp","type":"image\/webp"}],"twitter_card":"summary_large_image","twitter_misc":{"Gesch\u00e4tzte Lesezeit":"3\u00a0Minuten"},"schema":{"@context":"https:\/\/schema.org","@graph":[{"@type":"WebPage","@id":"https:\/\/www.yazicilawoffice.com\/de\/uber-uns\/","url":"https:\/\/www.yazicilawoffice.com\/de\/uber-uns\/","name":"\u00dcber uns | Yaz\u0131c\u0131 Law Office","isPartOf":{"@id":"https:\/\/www.yazicilawoffice.com\/de\/#website"},"datePublished":"2025-10-02T09:25:54+00:00","dateModified":"2025-11-14T09:14:25+00:00","breadcrumb":{"@id":"https:\/\/www.yazicilawoffice.com\/de\/uber-uns\/#breadcrumb"},"inLanguage":"de","potentialAction":[{"@type":"ReadAction","target":["https:\/\/www.yazicilawoffice.com\/de\/uber-uns\/"]}]},{"@type":"BreadcrumbList","@id":"https:\/\/www.yazicilawoffice.com\/de\/uber-uns\/#breadcrumb","itemListElement":[{"@type":"ListItem","position":1,"name":"Anasayfa","item":"https:\/\/www.yazicilawoffice.com\/de\/"},{"@type":"ListItem","position":2,"name":"\u00dcber uns"}]},{"@type":"WebSite","@id":"https:\/\/www.yazicilawoffice.com\/de\/#website","url":"https:\/\/www.yazicilawoffice.com\/de\/","name":"Yaz\u0131c\u0131 Law Office","description":"Internationales Recht und Rechtsberatung","publisher":{"@id":"https:\/\/www.yazicilawoffice.com\/de\/#organization"},"potentialAction":[{"@type":"SearchAction","target":{"@type":"EntryPoint","urlTemplate":"https:\/\/www.yazicilawoffice.com\/de\/?s={search_term_string}"},"query-input":{"@type":"PropertyValueSpecification","valueRequired":true,"valueName":"search_term_string"}}],"inLanguage":"de"},{"@type":"Organization","@id":"https:\/\/www.yazicilawoffice.com\/de\/#organization","name":"Yaz\u0131c\u0131 Law Office","url":"https:\/\/www.yazicilawoffice.com\/de\/","logo":{"@type":"ImageObject","inLanguage":"de","@id":"https:\/\/www.yazicilawoffice.com\/de\/#\/schema\/logo\/image\/","url":"https:\/\/www.yazicilawoffice.com\/wp-content\/uploads\/2025\/11\/YaziciLawOffice-Kare.webp","contentUrl":"https:\/\/www.yazicilawoffice.com\/wp-content\/uploads\/2025\/11\/YaziciLawOffice-Kare.webp","width":1200,"height":1200,"caption":"Yaz\u0131c\u0131 Law Office"},"image":{"@id":"https:\/\/www.yazicilawoffice.com\/de\/#\/schema\/logo\/image\/"}}]}},"_links":{"self":[{"href":"https:\/\/www.yazicilawoffice.com\/de\/wp-json\/wp\/v2\/pages\/9493","targetHints":{"allow":["GET"]}}],"collection":[{"href":"https:\/\/www.yazicilawoffice.com\/de\/wp-json\/wp\/v2\/pages"}],"about":[{"href":"https:\/\/www.yazicilawoffice.com\/de\/wp-json\/wp\/v2\/types\/page"}],"author":[{"embeddable":true,"href":"https:\/\/www.yazicilawoffice.com\/de\/wp-json\/wp\/v2\/users\/1"}],"replies":[{"embeddable":true,"href":"https:\/\/www.yazicilawoffice.com\/de\/wp-json\/wp\/v2\/comments?post=9493"}],"version-history":[{"count":16,"href":"https:\/\/www.yazicilawoffice.com\/de\/wp-json\/wp\/v2\/pages\/9493\/revisions"}],"predecessor-version":[{"id":10097,"href":"https:\/\/www.yazicilawoffice.com\/de\/wp-json\/wp\/v2\/pages\/9493\/revisions\/10097"}],"wp:attachment":[{"href":"https:\/\/www.yazicilawoffice.com\/de\/wp-json\/wp\/v2\/media?parent=9493"}],"curies":[{"name":"wp","href":"https:\/\/api.w.org\/{rel}","templated":true}]}}